{"id":5,"date":"2026-03-20T09:25:11","date_gmt":"2026-03-20T08:25:11","guid":{"rendered":"http:\/\/www.osterweg-zizers.ch\/index.php\/mesmerize\/"},"modified":"2026-03-26T12:16:40","modified_gmt":"2026-03-26T11:16:40","slug":"mesmerize","status":"publish","type":"page","link":"https:\/\/www.osterweg-zizers.ch\/","title":{"rendered":"Front Page"},"content":{"rendered":"<div  id=\"overlappable-4\" style=\"background-color: #ffffff;\" data-label=\"Overlappable\" data-id=\"overlappable-4\" data-export-id=\"overlappable-4\" data-category=\"overlappable\" class=\"overlappable-4 content-section content-section-spacing\" data-overlap=\"true\"><div  class=\"gridContainer\"> <div  data-type=\"row\" class=\"row spaced-cols text-center\"><div  class=\"col-xs-12 col-sm-4 col-padding\"> <i  class=\"fa icon shadow-large-black aligncenter color1 fa-odnoklassniki reverse round large\"><\/i> <div  data-type=\"column\" class=\"\"> <h5  class=\"\">Erleben<\/h5> <\/div> <\/div> <div  class=\"col-xs-12 col-sm-4 col-padding\"> <i  class=\"fa icon shadow-large-black aligncenter color1 fa-map-pin reverse round large\"><\/i> <div  data-type=\"column\" class=\"\"><h5  class=\"\">Entdecken<\/h5> <img  decoding=\"async\" class=\"custom-image\" src=\"http:\/\/www.osterweg-zizers.ch\/wp-content\/uploads\/2026\/03\/cropped-Bild-2.jpg\" title=\"cropped-Bild-2.jpg\" alt=\"\"><\/div> <\/div> <div  class=\"col-xs-12 col-sm-4 col-padding\"> <i  class=\"fa icon shadow-large-black aligncenter color1 fa-tree reverse round large\"><\/i> <div  data-type=\"column\" class=\"\"><h5  class=\"\">Natur<\/h5> <\/div> <\/div><\/div> <\/div><\/div><div  id=\"features-3\" style=\"background-color: #ffffff;\" data-label=\"Features\" data-id=\"features-12-card-bordered\" data-export-id=\"features-12-card-bordered\" data-category=\"features\" class=\"features-12-card-bordered content-section content-section-spacing \"><div  class=\"gridContainer\"> <div  class=\"row text-center\"><div  class=\"section-title-col\" data-type=\"column\"> <h2  class=\"\">\u00dcber den Osterweg<\/h2> <p  class=\"lead\">Der Osterweg in Zizers f\u00fchrt dich auf einem abwechslungsreichen Rundweg durch die sch\u00f6ne Landschaft rund um das Dorf. Entlang des Weges erwarten dich verschiedene Stationen, die die Ostergeschichte auf kreative und verst\u00e4ndliche Weise erz\u00e4hlen.<br ><br >Ob alleine, mit Freunden oder mit der Familie \u2013 der Weg bietet f\u00fcr alle etwas:<br ><br >spannende Impulse<br >ruhige Naturmomente<br >kleine Entdeckungen f\u00fcr Kinder<\/p><\/div> <\/div> <div  class=\"row spaced-cols\" data-type=\"row\"> <div  class=\"col-sm-6\"> <div  class=\"card row-card bordered y-move\"> <div  class=\"row\"> <div  class=\"col-sm-fit icon-column\"> <i  class=\"fa icon color2 fa-check-circle-o bordered round\"><\/i> <\/div> <div  class=\"col-sm\" data-type=\"column\"> <h5  class=\"color2\">Infos auf einen Blick<\/h5> <p  class=\"\">Ort: Zizers<br >Dauer: ca. 1\u20132 Stunden<br >Startpunkt: Ochsenweide Zizers<br >Geeignet f\u00fcr: Familien, Kinderwagen, Spazierg\u00e4nger<br >Kosten: kostenlos<\/p><\/div> <\/div><\/div> <\/div> <div  class=\"col-sm-6\"> <div  class=\"card row-card bordered y-move\"> <div  class=\"row\"> <div  class=\"col-sm-fit icon-column\"> <i  class=\"fa icon color2 fa-wpexplorer bordered round\"><\/i> <\/div> <div  class=\"col-sm\" data-type=\"column\"> <h5  class=\"color2\">So funktioniert\u2019s<\/h5> <p  class=\"\">Starte am offiziellen Startpunkt<br >Folge den Wegweisern<br >Entdecke die Stationen entlang des Weges<br >Nimm dir Zeit zum Lesen, Nachdenken und Geniessen<\/p><\/div> <\/div><\/div> <\/div> <div  class=\"col-sm-6\"> <div  class=\"card row-card bordered y-move\"> <div  class=\"row\"> <div  class=\"col-sm-fit icon-column\"> <i  class=\"fa icon color2 fa-child bordered round\"><\/i> <\/div> <div  class=\"col-sm\" data-type=\"column\"> <h5  class=\"color2\">F\u00fcr wen ist der Osterweg?<\/h5> <p  class=\"\">Der Osterweg ist ideal f\u00fcr:<br >Familien mit Kindern<br >Schulklassen<br >Einzelpersonen und Paare<br >alle, die Ostern bewusst erleben m\u00f6chten<\/p><\/div> <\/div><\/div> <\/div> <div  class=\"col-sm-6\"> <div  class=\"card row-card bordered y-move\"> <div  class=\"row\"> <div  class=\"col-sm-fit icon-column\"> <i  class=\"fa icon color2 fa-extra-bluesky bordered round\"><\/i> <\/div> <div  class=\"col-sm\" data-type=\"column\"> <h5  class=\"color2\">Warum sich der Besuch lohnt<\/h5> <p  class=\"\">Bewegung in der Natur<br >Inspirierende Inhalte<br >Gemeinsame Zeit mit Familie &amp; Freunden<br >Ein besonderes Ostererlebnis in Zizers<\/p><\/div> <\/div><\/div> <\/div><\/div> <\/div><\/div><div  data-label=\"Content\" data-id=\"content--1\" data-export-id=\"content-7\" data-category=\"content\" class=\"content-7 content-section content-section-spacing\" id=\"content-14\" style=\"background-color: rgb(245, 250, 253);\"><div  class=\"gridContainer\"> <div  class=\"row middle-sm\"><div  class=\"col-sm-6 space-bottom-xs\" data-type=\"column\"> <h2  class=\"\">Wegbeschreibung&nbsp;&nbsp;<\/h2> <p  class=\"\">Juhu, der Osterweg 2026 ist bald wieder bereit bestaunt zu werden! Wir freuen uns auf euren Besuch ab 15. M\u00e4rz.&nbsp;\n<br >Bei dem Pumptrack weiter hoch fahren bis zum Fahrverbot. Parkpl\u00e4tze mit blauer Tafel vorhanden<\/p> <\/div> <div  class=\"col-sm-6\" data-type=\"column\"> <img  decoding=\"async\" class=\"shadow-large\" src=\"http:\/\/www.osterweg-zizers.ch\/wp-content\/uploads\/2026\/03\/cropped-cropped-493720837_3465302817111232_5584883871265440763_n.jpg\" title=\"cropped-cropped-493720837_3465302817111232_5584883871265440763_n.jpg\" alt=\"\"><\/div> <\/div><\/div> <\/div><div  id=\"content-13\" style=\"background-color: #f5fafd;\" data-label=\"Content\" data-id=\"content-2\" data-export-id=\"content-2\" data-category=\"content\" class=\"content-2 content-section content-section-spacing\"><div > <div  class=\"row middle-xs\"><div  class=\"col-sm-5 bg-image shadow-large-black\" data-bg=\"image\" style=\"background-image: url(&quot;http:\/\/www.osterweg-zizers.ch\/wp-content\/uploads\/2026\/03\/cropped-cropped-492587791_3464046727236841_7032709892397770926_n-1.jpg&quot;);\"><\/div> <div  class=\"col-sm-7 full-col-left-padding full-col-right-padding\"> <div  class=\"row\"> <div  data-type=\"column\" class=\"space-bottom-small content-title-col\">  <h2  class=\"\">Mach dich auf den Weg!<\/h2> <p  class=\"\">Der Osterweg Zizers wartet auf dich \u2013 komm vorbei und entdecke Ostern neu.<\/p><\/div> <\/div> <div  class=\"row spaced-cols \" data-type=\"row\"> <div  class=\"col-xs-6\" data-type=\"column\">  <\/div> <div  class=\"col-xs-6\" data-type=\"column\"> <\/div> <div  class=\"col-xs-6\" data-type=\"column\"> <\/div> <div  class=\"col-xs-6\" data-type=\"column\"> <\/div> <\/div><\/div> <\/div><\/div> <\/div><div  id=\"portfolio-3\" style=\"background-color: rgb(255, 255, 255); background-image: none;\" data-label=\"Portfolio\" data-id=\"portfolio-4\" data-export-id=\"portfolio-4\" data-category=\"portfolio\" class=\"portfolio-4 content-section content-section-spacing-top\"><div  class=\"\"> <div  class=\"row text-center\"><div  class=\"section-title-col\" data-type=\"column\"> <h2  class=\"\">Impressionen<\/h2> <p  class=\"lead\">Ob strahlende Kinderaugen, gemeinsame Familienzeit oder ruhige Momente in der Natur \u2013 der Osterweg schafft Erinnerungen.<br >Lass dich inspirieren und entdecke die besondere Atmosph\u00e4re dieses Weges.<\/p><\/div> <\/div> <div  data-type=\"row\" class=\"row\" data-fixed=\"true\"> <div  class=\"col-xs-12 col-sm-3 no-gutter-col\"> <div  class=\"contentswap-effect\" data-hover-fx=\"portfolio-4\"> <div  class=\"initial-image\"> <img  decoding=\"async\" data-size=\"542x360\" src=\"https:\/\/www.osterweg-zizers.ch\/wp-content\/uploads\/2026\/03\/cropped-492587791_3464046727236841_7032709892397770926_n-1.jpg\"><\/div> <div  class=\"overlay bg-color1\"><\/div> <div  class=\"swap-inner col-xs-12\"> <div  class=\"row full-height-row middle-xs middle-sm\"> <div  class=\"col-xs-12 text-center content-holder\"> <a  href=\"https:\/\/www.osterweg-zizers.ch\/wp-content\/uploads\/2026\/03\/492587791_3464046727236841_7032709892397770926_n.jpg\" target=\"_self\" class=\"\"><i  class=\"fa icon portfolio-icon fa-search\" aria-hidden=\"true\"><\/i><\/a><\/div> <\/div><\/div> <\/div><\/div> <div  class=\"col-xs-12 col-sm-3 no-gutter-col\"><div  class=\"contentswap-effect\" data-hover-fx=\"portfolio-4\"> <div  class=\"initial-image\"> <img  decoding=\"async\" data-size=\"542x360\" src=\"https:\/\/www.osterweg-zizers.ch\/wp-content\/uploads\/2026\/03\/cropped-651760710_3736108023364042_6241234222953319583_n.jpg\"><\/div> <div  class=\"overlay bg-color1\"><\/div> <div  class=\"swap-inner col-xs-12\"> <div  class=\"row full-height-row middle-xs middle-sm\"> <div  class=\"col-xs-12 text-center content-holder\"> <a  href=\"https:\/\/www.osterweg-zizers.ch\/wp-content\/uploads\/2026\/03\/651760710_3736108023364042_6241234222953319583_n.jpg\" target=\"_self\" class=\"\"><i  class=\"fa icon portfolio-icon fa-search\" aria-hidden=\"true\"><\/i><\/a><\/div> <\/div><\/div> <\/div><\/div> <div  class=\"col-xs-12 col-sm-3 no-gutter-col\"><div  class=\"contentswap-effect\" data-hover-fx=\"portfolio-4\"> <div  class=\"initial-image\"> <img  decoding=\"async\" data-size=\"542x360\" src=\"https:\/\/www.osterweg-zizers.ch\/wp-content\/uploads\/2026\/03\/cropped-651760560_3734153240226187_5232698482690853203_n.jpg\"><\/div> <div  class=\"overlay bg-color1\"><\/div> <div  class=\"swap-inner col-xs-12\"> <div  class=\"row full-height-row middle-xs middle-sm\"> <div  class=\"col-xs-12 text-center content-holder\"> <a  href=\"https:\/\/www.osterweg-zizers.ch\/wp-content\/uploads\/2026\/03\/651760560_3734153240226187_5232698482690853203_n.jpg\" target=\"_self\" class=\"\"><i  class=\"fa icon portfolio-icon fa-search\" aria-hidden=\"true\"><\/i><\/a><\/div> <\/div><\/div> <\/div><\/div> <div  class=\"col-xs-12 col-sm-3 no-gutter-col\"><div  class=\"contentswap-effect\" data-hover-fx=\"portfolio-4\"> <div  class=\"initial-image\"> <img  decoding=\"async\" data-size=\"542x360\" src=\"https:\/\/www.osterweg-zizers.ch\/wp-content\/uploads\/2026\/03\/cropped-651575480_3734153213559523_1406223290888476903_n.jpg\"><\/div> <div  class=\"overlay bg-color1\"><\/div> <div  class=\"swap-inner col-xs-12\"> <div  class=\"row full-height-row middle-xs middle-sm\"> <div  class=\"col-xs-12 text-center content-holder\"> <a  href=\"https:\/\/www.osterweg-zizers.ch\/wp-content\/uploads\/2026\/03\/651575480_3734153213559523_1406223290888476903_n.jpg\" target=\"_self\" class=\"\"><i  class=\"fa icon portfolio-icon fa-search\" aria-hidden=\"true\"><\/i><\/a><\/div> <\/div><\/div> <\/div><\/div> <div  class=\"col-xs-12 col-sm-3 no-gutter-col\"><div  class=\"contentswap-effect\" data-hover-fx=\"portfolio-4\"> <div  class=\"initial-image\"> <img  decoding=\"async\" data-size=\"542x360\" src=\"https:\/\/www.osterweg-zizers.ch\/wp-content\/uploads\/2026\/03\/cropped-482056742_3421507258157455_8909555794737537378_n.jpg\"><\/div> <div  class=\"overlay bg-color1\"><\/div> <div  class=\"swap-inner col-xs-12\"> <div  class=\"row full-height-row middle-xs middle-sm\"> <div  class=\"col-xs-12 text-center content-holder\"> <a  href=\"https:\/\/www.osterweg-zizers.ch\/wp-content\/uploads\/2026\/03\/cropped-482056742_3421507258157455_8909555794737537378_n.jpg\" target=\"_self\" class=\"\"><i  class=\"fa icon portfolio-icon fa-search\" aria-hidden=\"true\"><\/i><\/a><\/div> <\/div><\/div> <\/div><\/div> <div  class=\"col-xs-12 col-sm-3 no-gutter-col\"><div  class=\"contentswap-effect\" data-hover-fx=\"portfolio-4\"> <div  class=\"initial-image\"> <img  decoding=\"async\" data-size=\"542x360\" src=\"https:\/\/www.osterweg-zizers.ch\/wp-content\/uploads\/2026\/03\/cropped-493315826_3462677967373717_8377151012517962863_n.jpg\"><\/div> <div  class=\"overlay bg-color1\"><\/div> <div  class=\"swap-inner col-xs-12\"> <div  class=\"row full-height-row middle-xs middle-sm\"> <div  class=\"col-xs-12 text-center content-holder\"> <a  href=\"https:\/\/www.osterweg-zizers.ch\/wp-content\/uploads\/2026\/03\/493315826_3462677967373717_8377151012517962863_n.jpg\" target=\"_self\" class=\"\"><i  class=\"fa icon portfolio-icon fa-search\" aria-hidden=\"true\"><\/i><\/a><\/div> <\/div><\/div> <\/div><\/div> <div  class=\"col-xs-12 col-sm-3 no-gutter-col\"><div  class=\"contentswap-effect\" data-hover-fx=\"portfolio-4\"> <div  class=\"initial-image\"> <img  decoding=\"async\" data-size=\"542x360\" src=\"https:\/\/www.osterweg-zizers.ch\/wp-content\/uploads\/2026\/03\/cropped-494093509_3464045300570317_7309839226419514263_n.jpg\"><\/div> <div  class=\"overlay bg-color1\"><\/div> <div  class=\"swap-inner col-xs-12\"> <div  class=\"row full-height-row middle-xs middle-sm\"> <div  class=\"col-xs-12 text-center content-holder\"> <a  href=\"https:\/\/www.osterweg-zizers.ch\/wp-content\/uploads\/2026\/03\/cropped-cropped-494093509_3464045300570317_7309839226419514263_n.jpg\" target=\"_self\" class=\"\"><i  class=\"fa icon portfolio-icon fa-search\" aria-hidden=\"true\"><\/i><\/a><\/div> <\/div><\/div> <\/div><\/div> <div  class=\"col-xs-12 col-sm-3 no-gutter-col\"><div  class=\"contentswap-effect\" data-hover-fx=\"portfolio-4\"> <div  class=\"initial-image\"> <img  decoding=\"async\" data-size=\"542x360\" src=\"https:\/\/www.osterweg-zizers.ch\/wp-content\/uploads\/2026\/03\/cropped-651442588_3734153273559517_5813298403238540877_n.jpg\"><\/div> <div  class=\"overlay bg-color1\"><\/div> <div  class=\"swap-inner col-xs-12\"> <div  class=\"row full-height-row middle-xs middle-sm\"> <div  class=\"col-xs-12 text-center content-holder\"> <a  href=\"https:\/\/www.osterweg-zizers.ch\/wp-content\/uploads\/2026\/03\/cropped-651442588_3734153273559517_5813298403238540877_n.jpg\" target=\"_self\" class=\"\"><i  class=\"fa icon portfolio-icon fa-search\" aria-hidden=\"true\"><\/i><\/a><\/div> <\/div><\/div> <\/div><\/div> <\/div><\/div> <\/div><div  id=\"contact-1\" data-label=\"Contact\" data-id=\"contact-1\" data-export-id=\"contact-1\" data-category=\"contact\" class=\"contact-1 content-section content-section-spacing white-text\" data-parallax-depth=\"20\" style=\"background-image: url(&quot;http:\/\/www.osterweg-zizers.ch\/wp-content\/uploads\/2026\/03\/493325029_3464045047237009_9159762569220485341_n.jpg&quot;); background-size: cover; background-position: center top;\"><div  class=\"gridContainer\"> <div  class=\"row text-center\"><div  class=\"section-title-col\" data-type=\"column\"> <h2  class=\"\">Feedback<\/h2> <p  class=\"lead\">Dein Feedback zum Osterweg<br ><br >Wie hat dir der Osterweg in Zizers gefallen?<br >Wir freuen uns \u00fcber deine Eindr\u00fccke, Gedanken und Anregungen.\n<\/p><\/div> <\/div> <div  class=\"row text-center\"> <div  class=\"col-xs-12 col-sm-8 col-sm-offset-2 contact-form-wrapper inline-info\"> <div  class=\"card large-padding\"> <div  class=\"\" data-content-shortcode=\"mesmerize_contact_form shortcode=&quot;contact-form-7 id=&amp;amp;quot;7e6eba5&amp;amp;quot; title=&amp;amp;quot;Kontaktformular 1&amp;amp;quot;&quot;\" data-editable=\"true\">\n<div class=\"wpcf7 no-js\" id=\"wpcf7-f50-o1\" lang=\"de-CH\" dir=\"ltr\" data-wpcf7-id=\"50\">\n<div class=\"screen-reader-response\"><p role=\"status\" aria-live=\"polite\" aria-atomic=\"true\"><\/p> <ul><\/ul><\/div>\n<form action=\"\/index.php\/wp-json\/wp\/v2\/pages\/5#wpcf7-f50-o1\" method=\"post\" class=\"wpcf7-form init\" aria-label=\"Contact form\" novalidate=\"novalidate\" data-status=\"init\">\n<fieldset class=\"hidden-fields-container\"><input type=\"hidden\" name=\"_wpcf7\" value=\"50\" \/><input type=\"hidden\" name=\"_wpcf7_version\" value=\"6.1.5\" \/><input type=\"hidden\" name=\"_wpcf7_locale\" value=\"de_CH\" \/><input type=\"hidden\" name=\"_wpcf7_unit_tag\" value=\"wpcf7-f50-o1\" \/><input type=\"hidden\" name=\"_wpcf7_container_post\" value=\"0\" \/><input type=\"hidden\" name=\"_wpcf7_posted_data_hash\" value=\"\" \/>\n<\/fieldset>\n<p><label> Dein Name<br \/>\n<span class=\"wpcf7-form-control-wrap\" data-name=\"your-name\"><input size=\"40\" maxlength=\"400\" class=\"wpcf7-form-control wpcf7-text wpcf7-validates-as-required\" autocomplete=\"name\" aria-required=\"true\" aria-invalid=\"false\" value=\"\" type=\"text\" name=\"your-name\" \/><\/span> <\/label>\n<\/p>\n<p><label> Deine E-Mail<br \/>\n<span class=\"wpcf7-form-control-wrap\" data-name=\"your-email\"><input size=\"40\" maxlength=\"400\" class=\"wpcf7-form-control wpcf7-email wpcf7-validates-as-required wpcf7-text wpcf7-validates-as-email\" autocomplete=\"email\" aria-required=\"true\" aria-invalid=\"false\" value=\"\" type=\"email\" name=\"your-email\" \/><\/span> <\/label>\n<\/p>\n<p><label> Betreff<br \/>\n<span class=\"wpcf7-form-control-wrap\" data-name=\"your-subject\"><input size=\"40\" maxlength=\"400\" class=\"wpcf7-form-control wpcf7-text wpcf7-validates-as-required\" aria-required=\"true\" aria-invalid=\"false\" value=\"\" type=\"text\" name=\"your-subject\" \/><\/span> <\/label>\n<\/p>\n<p><label> Deine Nachricht<br \/>\n<span class=\"wpcf7-form-control-wrap\" data-name=\"your-message\"><textarea cols=\"40\" rows=\"10\" maxlength=\"2000\" class=\"wpcf7-form-control wpcf7-textarea\" aria-invalid=\"false\" name=\"your-message\"><\/textarea><\/span> <\/label>\n<\/p>\n<p><input class=\"wpcf7-form-control wpcf7-submit has-spinner\" type=\"submit\" value=\"Versenden\" \/>\n<\/p><div class=\"wpcf7-response-output\" aria-hidden=\"true\"><\/div>\n<\/form>\n<\/div>\n<\/div><\/div> <\/div><\/div> <\/div><\/div>","protected":false},"excerpt":{"rendered":"<p>Erleben Entdecken Natur \u00dcber den Osterweg Der Osterweg in Zizers f\u00fchrt dich auf einem abwechslungsreichen Rundweg durch die sch\u00f6ne Landschaft rund um das Dorf. Entlang des Weges erwarten dich verschiedene Stationen, die die Ostergeschichte auf kreative und verst\u00e4ndliche Weise erz\u00e4hlen.Ob alleine, mit Freunden oder mit der Familie \u2013 der Weg bietet f\u00fcr alle etwas:spannende Impulseruhige&hellip; <br \/> <a class=\"read-more\" href=\"https:\/\/www.osterweg-zizers.ch\/\">Weiterlesen<\/a><\/p>\n","protected":false},"author":1,"featured_media":0,"parent":0,"menu_order":0,"comment_status":"closed","ping_status":"closed","template":"page-templates\/homepage.php","meta":{"footnotes":""},"class_list":["post-5","page","type-page","status-publish","hentry"],"_links":{"self":[{"href":"https:\/\/www.osterweg-zizers.ch\/index.php\/wp-json\/wp\/v2\/pages\/5","targetHints":{"allow":["GET"]}}],"collection":[{"href":"https:\/\/www.osterweg-zizers.ch\/index.php\/wp-json\/wp\/v2\/pages"}],"about":[{"href":"https:\/\/www.osterweg-zizers.ch\/index.php\/wp-json\/wp\/v2\/types\/page"}],"author":[{"embeddable":true,"href":"https:\/\/www.osterweg-zizers.ch\/index.php\/wp-json\/wp\/v2\/users\/1"}],"replies":[{"embeddable":true,"href":"https:\/\/www.osterweg-zizers.ch\/index.php\/wp-json\/wp\/v2\/comments?post=5"}],"version-history":[{"count":19,"href":"https:\/\/www.osterweg-zizers.ch\/index.php\/wp-json\/wp\/v2\/pages\/5\/revisions"}],"predecessor-version":[{"id":119,"href":"https:\/\/www.osterweg-zizers.ch\/index.php\/wp-json\/wp\/v2\/pages\/5\/revisions\/119"}],"wp:attachment":[{"href":"https:\/\/www.osterweg-zizers.ch\/index.php\/wp-json\/wp\/v2\/media?parent=5"}],"curies":[{"name":"wp","href":"https:\/\/api.w.org\/{rel}","templated":true}]}}